{"id":4364,"date":"2025-08-20T21:26:55","date_gmt":"2025-08-20T21:26:55","guid":{"rendered":"https:\/\/www.pensamientouniversitario.com.ar\/?page_id=4364"},"modified":"2025-10-14T18:48:46","modified_gmt":"2025-10-14T18:48:46","slug":"home-pensamiento-universitario-23","status":"publish","type":"page","link":"https:\/\/www.pensamientouniversitario.com.ar\/","title":{"rendered":"Home Pensamiento Universitario #23"},"content":{"rendered":"\n<p><\/p>\n\n\n\n<style>\n.home-23 {\n    display: block;\n    width: 100%;\n    height: 100vh;\n    background-size: cover;\n    background-image: url('\/animaciones\/biopus\/home-sola.jpg');\n}\n.home-23-button {\n    color: #d10024;\n}\n\n.home-23-button:hover {\n    color: #f58220;\n}\n.home-23-button {\n    background-color: black;\n    width: 172px;\n    max-width: calc(100vw - 20px);\n    height: 224px;\n    padding: 32px 18px 85px 18px;\n    position: absolute;\n    right: 30px;\n    bottom: calc(50vh - 76px);\n}\n\n\n.home-title-top {\n    font-size: 14px;\n    font-family:\"SohoGothicPro-Regular\";\n    text-transform: uppercase;\n}\n\n.home-title-middle {\n    font-size: 20px;\n    font-family:\"Soho Gothic Pro Bold\";\n    line-height: 1;\n}\n\n.home-title-bottom {\n    font-size: 39px;\n    font-family:\"SohoGothicPro-Regular\";\n}\n\n.home-title-subbottom {\n    font-size: 12px;\n    font-family:\"SohoGothicPro-Regular\";\n}\n\n<\/style>\n<a href=\"\/index.php\/revista-23\/\" style=\"position: relative; display: block;\"><div class=\"home-23\"><figure><iframe loading=\"lazy\" src=\"\/animaciones\/biopus\/?code=3\" width=\"100%\" height=\"100vh\" style=\"height:100vh;\"><\/iframe><\/figure><\/div>\n<div class=\"home-23-button\"><div class=\"home-title-top\">Revista<\/div><div class=\"home-title-middle\">Pensamiento Universitario<\/div><div class=\"home-title-bottom\">#23<\/div><div class=\"home-title-subbottom\">Presione aqu\u00ed para el \u00edndice de la revista o en la animaci\u00f3n para generar un nuevo dibujo.<\/div><\/div>\n<\/a>\n","protected":false},"excerpt":{"rendered":"<p>Revista Pensamiento Universitario #23 Presione aqu\u00ed para el \u00edndice de la revista o en la animaci\u00f3n para generar un nuevo dibujo.<\/p>\n","protected":false},"author":1,"featured_media":0,"parent":0,"menu_order":0,"comment_status":"closed","ping_status":"closed","template":"","meta":{"footnotes":""},"class_list":["post-4364","page","type-page","status-publish"],"_links":{"self":[{"href":"https:\/\/www.pensamientouniversitario.com.ar\/index.php\/wp-json\/wp\/v2\/pages\/4364","targetHints":{"allow":["GET"]}}],"collection":[{"href":"https:\/\/www.pensamientouniversitario.com.ar\/index.php\/wp-json\/wp\/v2\/pages"}],"about":[{"href":"https:\/\/www.pensamientouniversitario.com.ar\/index.php\/wp-json\/wp\/v2\/types\/page"}],"author":[{"embeddable":true,"href":"https:\/\/www.pensamientouniversitario.com.ar\/index.php\/wp-json\/wp\/v2\/users\/1"}],"replies":[{"embeddable":true,"href":"https:\/\/www.pensamientouniversitario.com.ar\/index.php\/wp-json\/wp\/v2\/comments?post=4364"}],"version-history":[{"count":36,"href":"https:\/\/www.pensamientouniversitario.com.ar\/index.php\/wp-json\/wp\/v2\/pages\/4364\/revisions"}],"predecessor-version":[{"id":4433,"href":"https:\/\/www.pensamientouniversitario.com.ar\/index.php\/wp-json\/wp\/v2\/pages\/4364\/revisions\/4433"}],"wp:attachment":[{"href":"https:\/\/www.pensamientouniversitario.com.ar\/index.php\/wp-json\/wp\/v2\/media?parent=4364"}],"curies":[{"name":"wp","href":"https:\/\/api.w.org\/{rel}","templated":true}]}}