{"id":43,"date":"2019-04-10T14:20:48","date_gmt":"2019-04-10T14:20:48","guid":{"rendered":"https:\/\/www.pensamientouniversitario.com.ar\/?page_id=43"},"modified":"2023-12-04T13:12:03","modified_gmt":"2023-12-04T13:12:03","slug":"pensamiento-universitario-no-18","status":"publish","type":"page","link":"http:\/\/www.pensamientouniversitario.com.ar\/index.php\/pensamiento-universitario\/pensamiento-universitario-no-18\/","title":{"rendered":"Revista #18"},"content":{"rendered":"\n<figure><iframe loading=\"lazy\" src=\"\/wp-content\/animaciones\/PensamientoUniversitario_2\/\" width=\"100%\" height=\"150\"><\/iframe><\/figure>\n\n\n\n<div class=\"wp-block-columns has-3-columns is-layout-flex wp-container-core-columns-is-layout-9d6595d7 wp-block-columns-is-layout-flex\">\n<div class=\"wp-block-column is-layout-flow wp-block-column-is-layout-flow\">\n<div style=\"height:40px\" aria-hidden=\"true\" class=\"wp-block-spacer\"><\/div>\n\n\n\n<h1 class=\"wp-block-heading\">Revista #18<\/h1>\n\n\n\n<h6 class=\"wp-block-heading\"><strong>Argentina, septiembre 2019  <\/strong>\u2022 A\u00f1o 18 \u2022 #18<br><sub>ISSN 2683-8265<\/sub><\/h6>\n\n\n\n<figure class=\"wp-block-image\"><a href=\"https:\/\/www.pensamientouniversitario.com.ar\/wp-content\/uploads\/2019\/09\/PENSAMIENTO-UNIVERSITARIO-18.pdf\" target=\"_blank\" rel=\"noreferrer noopener\"><img loading=\"lazy\" decoding=\"async\" width=\"400\" height=\"520\" src=\"https:\/\/www.pensamientouniversitario.com.ar\/wp-content\/uploads\/2019\/09\/tapa_indice1.jpg\" alt=\"\" class=\"wp-image-1229\" srcset=\"http:\/\/www.pensamientouniversitario.com.ar\/wp-content\/uploads\/2019\/09\/tapa_indice1.jpg 400w, http:\/\/www.pensamientouniversitario.com.ar\/wp-content\/uploads\/2019\/09\/tapa_indice1-231x300.jpg 231w, http:\/\/www.pensamientouniversitario.com.ar\/wp-content\/uploads\/2019\/09\/tapa_indice1-18x24.jpg 18w, http:\/\/www.pensamientouniversitario.com.ar\/wp-content\/uploads\/2019\/09\/tapa_indice1-28x36.jpg 28w, http:\/\/www.pensamientouniversitario.com.ar\/wp-content\/uploads\/2019\/09\/tapa_indice1-37x48.jpg 37w\" sizes=\"auto, (max-width: 400px) 100vw, 400px\" \/><\/a><\/figure>\n\n\n\n<hr class=\"wp-block-separator has-css-opacity is-style-wide\"\/>\n\n\n\n<p><a href=\"https:\/\/www.youtube.com\/watch?v=vHHb9ORxxOc&amp;feature=youtu.be\">Presentaci\u00f3n del #18 y relanzamiento de PU en el IIGG <\/a>(CABA-09\/09\/2019)<\/p>\n<\/div>\n\n\n\n<div class=\"wp-block-column is-layout-flow wp-block-column-is-layout-flow\">\n<hr class=\"wp-block-separator has-css-opacity is-style-wide\"\/>\n\n\n\n<h2><span style=\"color:#ee3d96\">&#8226;<\/span> Presentaci\u00f3n<\/h2>\n\n\n\n<p><strong>Juan Carlos Geneyro<\/strong><br><a href=\"https:\/\/www.pensamientouniversitario.com.ar\/index.php\/2019\/07\/11\/presentacion\/\">\u2022 Presentaci\u00f3n<\/a><\/p>\n\n\n\n<hr class=\"wp-block-separator has-css-opacity is-style-wide\"\/>\n\n\n\n<h2><span style=\"color:#ee3d96\">&#8226;<\/span> Art\u00edculos<\/h2>\n\n\n\n<div style=\"height:20px\" aria-hidden=\"true\" class=\"wp-block-spacer\"><\/div>\n\n\n\n<p><strong>Jaqueline Vasallo<\/strong><br><a href=\"https:\/\/www.pensamientouniversitario.com.ar\/index.php\/2019\/06\/19\/decorriendo-el-velo-de-la-presencia-femenina-en-la-universidad-nacional-de-cordoba-1884-1920\/\">\u2022 Decorriendo el velo de la presencia femenina en la Universidad Nacional de C\u00f3rdoba (1884-1920)<\/a><\/p>\n\n\n\n<p><strong>Natalia Bustelo<\/strong><br><a href=\"https:\/\/www.pensamientouniversitario.com.ar\/index.php\/2019\/06\/15\/construir-una-universidad-cientifica-y-social-los-proyectos-institucionales-de-los-primeros-reformistas-argentinos-1918-1923\/\">\u2022 Construir una universidad cient\u00edfica y social. <br>Los proyectos institucionales de los primeros reformistas argentinos (1918-1923)<\/a><\/p>\n\n\n\n<p><strong>Ernesto Villanueva\/Aritz Recalde<\/strong><br><a href=\"https:\/\/www.pensamientouniversitario.com.ar\/index.php\/2019\/06\/23\/reformistas-radicales-y-reformistas-peronistas-debates-parlamentarios-y-nueva-legislacion-entre-1946-y-1955\/\">\u2022 Reformistas radicales y reformistas peronistas: debates parlamentarios  y nueva legislaci\u00f3n<br>entre 1946 y 1955<\/a><\/p>\n\n\n\n<hr class=\"wp-block-separator has-css-opacity is-style-wide\"\/>\n\n\n\n<h2><span style=\"color:#ee3d96\">&#8226;<\/span> Cr\u00f3nicas<\/h2>\n\n\n\n<div style=\"height:20px\" aria-hidden=\"true\" class=\"wp-block-spacer\"><\/div>\n\n\n\n<p><strong>Yamile Socolovsky<\/strong><br><a href=\"https:\/\/www.pensamientouniversitario.com.ar\/index.php\/2019\/06\/19\/un-centenario-en-disputa-balance-provisorio-de-la-cres-2018\/\">\u2022 Un Centenario en disputa: balance provisorio de la CRES 2018<\/a><\/p>\n\n\n\n<hr class=\"wp-block-separator has-css-opacity is-style-wide\"\/>\n\n\n\n<h4 class=\"wp-block-heading\">Ilustraciones digitales<br><strong>Federico Joselevich Puiggr\u00f3s<\/strong><br><a href=\"https:\/\/www.pensamientouniversitario.com.ar\/index.php\/2019\/08\/08\/ilustraciones-digitales\/\">\u2022<\/a> <a href=\"https:\/\/www.pensamientouniversitario.com.ar\/index.php\/2019\/08\/08\/ilustraciones-digitales\/\">Acerca de las ilustraciones de este n\u00famero<\/a><br><\/h4>\n\n\n\n<hr class=\"wp-block-separator has-css-opacity is-style-wide\"\/>\n\n\n\n<h4 class=\"wp-block-heading\"><a href=\"https:\/\/www.pensamientouniversitario.com.ar\/index.php\/2019\/06\/19\/un-centenario-en-disputa-balance-provisorio-de-la-cres-2018\/\">\u2022<\/a> <a href=\"https:\/\/www.pensamientouniversitario.com.ar\/index.php\/2019\/08\/15\/tesis-doctorales\/\">Pensamiento Universitario en Tesis de Posgrado<\/a><\/h4>\n\n\n\n<hr class=\"wp-block-separator has-css-opacity is-style-wide\"\/>\n<\/div>\n\n\n\n<div class=\"wp-block-column is-layout-flow wp-block-column-is-layout-flow\">\n<hr class=\"wp-block-separator has-css-opacity is-style-wide\"\/>\n\n\n\n<h2><span style=\"color:#ee3d96\">&#8226;<\/span> Ensayos<\/h2>\n\n\n\n<div style=\"height:20px\" aria-hidden=\"true\" class=\"wp-block-spacer\"><\/div>\n\n\n\n<p><strong>Roberto Follari<\/strong> <br><a href=\"https:\/\/www.pensamientouniversitario.com.ar\/index.php\/2019\/06\/18\/repensar-la-reforma-un-epitafio-para-la-catedra\/\">\u2022 Repensar la Reforma: un epitafio para la c\u00e1tedra<\/a><\/p>\n\n\n\n<p><strong>Manuel Gil Ant\u00f3n<\/strong><br><a href=\"https:\/\/www.pensamientouniversitario.com.ar\/index.php\/2019\/06\/15\/construir-una-universidad-cientifica-y-social-los-proyectos-institucionales-de-los-primeros-reformistas-argentinos-1918-1923\/\">\u2022<\/a> <a href=\"https:\/\/www.pensamientouniversitario.com.ar\/index.php\/2019\/06\/19\/la-universidad-hoy-un-viaje-a-la-incoherencia\/\">La universidad hoy: un viaje a la incoherencia<\/a><\/p>\n\n\n\n<hr class=\"wp-block-separator has-css-opacity\"\/>\n\n\n\n<h2><span style=\"color:#ee3d96\">&#8226;<\/span> Rese\u00f1as<\/h2>\n\n\n\n<div style=\"height:20px\" aria-hidden=\"true\" class=\"wp-block-spacer\"><\/div>\n\n\n\n<p><strong>Micaela Battisacchi<\/strong><br><a href=\"https:\/\/www.pensamientouniversitario.com.ar\/index.php\/2019\/06\/19\/la-universidad-se-pinta-de-pueblo-educacion-superior-democracia-y-derechos-humanos-mauro-benente-compilador-1a-ed-jose-c-paz-edunpaz-2018-244pp\/\">\u2022 La universidad se pinta de pueblo: educaci\u00f3n superior, democracia y derechos humanos. \/ Mauro Benente (Compilador) &#8211; 1a ed.- Jos\u00e9 C. Paz: Edunpaz, 2018, <\/a><\/p>\n\n\n\n<p><strong>Agustina Luques<\/strong><br><a href=\"https:\/\/www.pensamientouniversitario.com.ar\/index.php\/2019\/06\/19\/ya-votaste-experiencias-de-participacion-politica-de-jovenes-estudiantes-de-la-unlp-antonio-camou-marcelo-prati-y-sebastian-varela-coords-la-plata-edulp-2018\/\">\u2022 \u00bfYa votaste?: experiencias de participaci\u00f3n pol\u00edtica de j\u00f3venes estudiantes de la UNLP. \/ Antonio Camou, Marcelo Prati y Sebasti\u00e1n Varela (coords.), La Plata: EDULP, 2018.<\/a><\/p>\n\n\n\n<p><strong>Mar\u00eda Luz Prados<\/strong><br><a href=\"https:\/\/www.pensamientouniversitario.com.ar\/index.php\/2019\/06\/19\/las-libertades-que-faltan-dimensiones-latinoamericanas-y-legados-democraticos-de-la-reforma-universitaria-de-1918-rinesi-eduardo-peluso-natalia-y-rios-leticia-comp-los-polvorines-edicion\/\">\u2022 Las libertades que faltan. Dimensiones latinoamericanas y legados democr\u00e1ticos de la Reforma Universitaria de 1918. \/ Rinesi, Eduardo; Peluso, Natalia y R\u00edos Leticia (Comp.). Los polvorines, Ediciones Universidad General Sarmiento, 2018, 349pp.<\/a><\/p>\n\n\n\n<p><strong>Juli\u00e1n D\u00e9rcoli<\/strong><br><a href=\"https:\/\/www.pensamientouniversitario.com.ar\/index.php\/2019\/06\/21\/villanueva-e-2019-universidad-y-nacion-asignaturas-pendientes-florencio-varela-universidad-nacional-arturo-jauretche-290pp\/\">\u2022 Universidad y Naci\u00f3n: asignaturas pendientes. \/ Ernesto Villanueva &#8211; Florencio Varela: Universidad Nacional Arturo Jauretche, 2019, 290pp.<\/a><\/p>\n<\/div>\n<\/div>\n","protected":false},"excerpt":{"rendered":"<p>Revista #18 Argentina, septiembre 2019 \u2022 A\u00f1o 18 \u2022 #18ISSN 2683-8265 Presentaci\u00f3n del #18 y relanzamiento de PU en el IIGG (CABA-09\/09\/2019) &#8226; Presentaci\u00f3n Juan Carlos Geneyro\u2022 Presentaci\u00f3n &#8226; Art\u00edculos Jaqueline Vasallo\u2022 Decorriendo el velo de la presencia femenina en la Universidad Nacional de C\u00f3rdoba (1884-1920) Natalia Bustelo\u2022 Construir una universidad cient\u00edfica y social. Los &#8230; <a title=\"Revista #18\" class=\"read-more\" href=\"http:\/\/www.pensamientouniversitario.com.ar\/index.php\/pensamiento-universitario\/pensamiento-universitario-no-18\/\" aria-label=\"Leer m\u00e1s sobre Revista #18\">Leer m\u00e1s<\/a><\/p>\n","protected":false},"author":1,"featured_media":0,"parent":20,"menu_order":0,"comment_status":"closed","ping_status":"closed","template":"","meta":{"footnotes":""},"class_list":["post-43","page","type-page","status-publish"],"_links":{"self":[{"href":"http:\/\/www.pensamientouniversitario.com.ar\/index.php\/wp-json\/wp\/v2\/pages\/43","targetHints":{"allow":["GET"]}}],"collection":[{"href":"http:\/\/www.pensamientouniversitario.com.ar\/index.php\/wp-json\/wp\/v2\/pages"}],"about":[{"href":"http:\/\/www.pensamientouniversitario.com.ar\/index.php\/wp-json\/wp\/v2\/types\/page"}],"author":[{"embeddable":true,"href":"http:\/\/www.pensamientouniversitario.com.ar\/index.php\/wp-json\/wp\/v2\/users\/1"}],"replies":[{"embeddable":true,"href":"http:\/\/www.pensamientouniversitario.com.ar\/index.php\/wp-json\/wp\/v2\/comments?post=43"}],"version-history":[{"count":316,"href":"http:\/\/www.pensamientouniversitario.com.ar\/index.php\/wp-json\/wp\/v2\/pages\/43\/revisions"}],"predecessor-version":[{"id":3776,"href":"http:\/\/www.pensamientouniversitario.com.ar\/index.php\/wp-json\/wp\/v2\/pages\/43\/revisions\/3776"}],"up":[{"embeddable":true,"href":"http:\/\/www.pensamientouniversitario.com.ar\/index.php\/wp-json\/wp\/v2\/pages\/20"}],"wp:attachment":[{"href":"http:\/\/www.pensamientouniversitario.com.ar\/index.php\/wp-json\/wp\/v2\/media?parent=43"}],"curies":[{"name":"wp","href":"https:\/\/api.w.org\/{rel}","templated":true}]}}