{"id":3795,"date":"2024-11-14T01:00:00","date_gmt":"2024-11-14T01:00:00","guid":{"rendered":"https:\/\/www.pensamientouniversitario.com.ar\/?page_id=3795"},"modified":"2024-11-12T19:53:15","modified_gmt":"2024-11-12T19:53:15","slug":"22-2","status":"publish","type":"page","link":"http:\/\/www.pensamientouniversitario.com.ar\/index.php\/pensamiento-universitario\/22-2\/","title":{"rendered":"Revista #22"},"content":{"rendered":"\n<div class=\"wp-block-columns has-3-columns is-layout-flex wp-container-core-columns-is-layout-9d6595d7 wp-block-columns-is-layout-flex\">\n<div class=\"wp-block-column is-layout-flow wp-block-column-is-layout-flow\">\n<hr class=\"wp-block-separator has-text-color has-base-color has-alpha-channel-opacity has-base-background-color has-background\"\/>\n\n\n\n<h1 class=\"wp-block-heading\">Revista #22<\/h1>\n\n\n\n<div class=\"wp-block-spacer\" style=\"height: 30px;\" aria-hidden=\"true\">&nbsp;<\/div>\n\n\n\n<p><strong>Argentina, Noviembre 2024<\/strong> \u2022 A\u00f1o 22 \u2022 #22<br><sub>ISSN 2683-8265<\/sub><\/p>\n\n\n\n<figure class=\"wp-block-image size-full is-resized\"><a href=\"http:\/\/www.pensamientouniversitario.com.ar\/wp-content\/uploads\/2024\/11\/Pensamiento-Universitario-22.pdf\" target=\"_blank\" rel=\"noreferrer noopener\"><img loading=\"lazy\" decoding=\"async\" width=\"400\" height=\"520\" src=\"http:\/\/www.pensamientouniversitario.com.ar\/wp-content\/uploads\/2024\/11\/tapa_indice22.jpg\" alt=\"\" class=\"wp-image-4178\" style=\"width:384px;height:auto\" srcset=\"http:\/\/www.pensamientouniversitario.com.ar\/wp-content\/uploads\/2024\/11\/tapa_indice22.jpg 400w, http:\/\/www.pensamientouniversitario.com.ar\/wp-content\/uploads\/2024\/11\/tapa_indice22-231x300.jpg 231w\" sizes=\"auto, (max-width: 400px) 100vw, 400px\" \/><\/a><\/figure>\n\n\n\n<div style=\"height:20px\" aria-hidden=\"true\" class=\"wp-block-spacer\"><\/div>\n\n\n\n<p>&nbsp;<\/p>\n<\/div>\n\n\n\n<div class=\"wp-block-column has-black-color has-white-background-color has-text-color has-background is-layout-flow wp-block-column-is-layout-flow\">\n<hr class=\"wp-block-separator has-text-color has-base-color has-css-opacity has-base-background-color has-background\"\/>\n\n\n\n<div class=\"wp-block-group is-vertical is-layout-flex wp-container-core-group-is-layout-8cf370e7 wp-block-group-is-layout-flex\">\n<p><strong>Mar\u00eda Candelari<\/strong><\/p>\n\n\n\n<h4 class=\"wp-block-heading has-text-color has-link-color wp-elements-1723b14f93d268d1df001001ba80ac13\" style=\"color:#0082a1\"><strong><a href=\"https:\/\/www.pensamientouniversitario.com.ar\/index.php\/2024\/06\/30\/presentacion-3\/\">Presentaci\u00f3n<\/a><\/strong><\/h4>\n<\/div>\n\n\n\n<div style=\"height:50px\" aria-hidden=\"true\" class=\"wp-block-spacer\"><\/div>\n\n\n\n<h2><span style=\"color:#0082a1\" class=\"has-inline-color\">\u2022<\/span> Art\u00edculos<\/h2>\n\n\n\n<div class=\"wp-block-group is-vertical is-layout-flex wp-container-core-group-is-layout-8cf370e7 wp-block-group-is-layout-flex\">\n<div class=\"wp-block-group is-vertical is-layout-flex wp-container-core-group-is-layout-8cf370e7 wp-block-group-is-layout-flex\">\n<div class=\"wp-block-group is-vertical is-layout-flex wp-container-core-group-is-layout-8cf370e7 wp-block-group-is-layout-flex\">\n<p><strong>Adriana Chiroleu<\/strong><\/p>\n\n\n\n<p class=\"has-text-color has-link-color wp-elements-b24d115b86445a48572fa81545f4b45c\" style=\"color:#0082a1\"><a href=\"https:\/\/www.pensamientouniversitario.com.ar\/index.php\/2024\/10\/28\/30-anos-de-pensamiento-universitario-pluralismo-democratico-y-conformacion-del-campo-para-construir-una-universidad-mejor\/\">30 a\u00f1os de Pensamiento Universitario: pluralismo democr\u00e1tico y conformaci\u00f3n del campo para construir una universidad mejor<\/a><\/p>\n<\/div>\n<\/div>\n\n\n\n<div style=\"height:0px\" aria-hidden=\"true\" class=\"wp-block-spacer wp-container-content-62aae154\"><\/div>\n<\/div>\n\n\n\n<div class=\"wp-block-group is-vertical is-layout-flex wp-container-core-group-is-layout-8cf370e7 wp-block-group-is-layout-flex\">\n<div class=\"wp-block-group is-vertical is-layout-flex wp-container-core-group-is-layout-8cf370e7 wp-block-group-is-layout-flex\">\n<div class=\"wp-block-group is-vertical is-layout-flex wp-container-core-group-is-layout-8cf370e7 wp-block-group-is-layout-flex\">\n<p class=\"has-black-color has-text-color\"><strong>Ivana Mihail<\/strong><\/p>\n\n\n\n<p class=\"has-text-color has-link-color wp-elements-c6ebb49b405a8a575551476049b2d8b9\" style=\"color:#0082a1\"><a href=\"https:\/\/www.pensamientouniversitario.com.ar\/index.php\/2024\/10\/30\/pensamiento-universitario-30-anos-de-edicion-sobre-educacion-superior-en-argentina\/\">Pensamiento Universitario: 30 a\u00f1os de edici\u00f3n sobre educaci\u00f3n superior en Argentina<\/a><\/p>\n<\/div>\n\n\n\n<div style=\"height:0px\" aria-hidden=\"true\" class=\"wp-block-spacer wp-container-content-62aae154\"><\/div>\n<\/div>\n\n\n\n<div class=\"wp-block-group is-vertical is-layout-flex wp-container-core-group-is-layout-8cf370e7 wp-block-group-is-layout-flex\">\n<div class=\"wp-block-group is-vertical is-layout-flex wp-container-core-group-is-layout-8cf370e7 wp-block-group-is-layout-flex\">\n<p><strong>Carlos P\u00e9rez Rasetti<\/strong><\/p>\n\n\n\n<p class=\"has-text-color has-link-color wp-elements-a8be872e28a587d2cb049465618486fb\" style=\"color:#0082a1\"><a href=\"https:\/\/www.pensamientouniversitario.com.ar\/index.php\/2024\/10\/28\/40-anos-de-politica-universitaria-en-democracia-30-acompanados-por-el-aporte-critico-de-pensamiento-universitario\/\">40 a\u00f1os de pol\u00edtica universitaria en democracia, 30 acompa\u00f1ados por el aporte cr\u00edtico de Pensamiento Universitario.&nbsp;<\/a><\/p>\n<\/div>\n\n\n\n<div style=\"height:0px\" aria-hidden=\"true\" class=\"wp-block-spacer wp-container-content-62aae154\"><\/div>\n<\/div>\n\n\n\n<div class=\"wp-block-group is-vertical is-layout-flex wp-container-core-group-is-layout-8cf370e7 wp-block-group-is-layout-flex\">\n<div class=\"wp-block-group is-vertical is-layout-flex wp-container-core-group-is-layout-8cf370e7 wp-block-group-is-layout-flex\">\n<p><strong>Glenda Morandi<\/strong><\/p>\n\n\n\n<p class=\"has-text-color has-link-color wp-elements-e477c81819fd5df391f93a9bd7a70235\" style=\"color:#0082a1\"><a href=\"https:\/\/www.pensamientouniversitario.com.ar\/index.php\/2024\/10\/30\/acerca-del-aporte-de-pensamiento-universitario-en-el-impulso-a-la-produccion-y-circulacion-de-conocimiento-pedagogico-sobre-la-universidad\/\">Acerca del aporte de Pensamiento Universitario en el impulso a la producci\u00f3n y circulaci\u00f3n de conocimiento pedag\u00f3gico sobre la Universidad<\/a><\/p>\n\n\n\n<p><\/p>\n<\/div>\n<\/div>\n\n\n\n<p><strong>Andr\u00e9s Santos Sharpe <\/strong>                                   <\/p>\n\n\n\n<p class=\"has-text-color has-link-color wp-elements-367499fe56100bec4abf23f7628ed90d\" style=\"color:#0082a1\"><a href=\"https:\/\/www.pensamientouniversitario.com.ar\/index.php\/2024\/06\/30\/debates-en-torno-a-la-gratuidad-universitaria-a-75-anos-de-su-establecimiento\/\">Debates en torno a la gratuidad universitaria. A 75 a\u00f1os de su establecimiento<\/a><\/p>\n<\/div>\n\n\n\n<hr class=\"wp-block-separator has-text-color has-base-color has-alpha-channel-opacity has-base-background-color has-background\"\/>\n\n\n\n<h2><span style=\"color:#0082a1\" class=\"has-inline-color\">\u2022<\/span> Pinturas<\/h2>\n\n\n\n<p><strong>Magdalena Jitrik<\/strong> <\/p>\n\n\n\n<p><mark style=\"background-color:rgba(0, 0, 0, 0);color:#5289c8\" class=\"has-inline-color\"><a href=\"https:\/\/www.pensamientouniversitario.com.ar\/index.php\/2024\/07\/01\/acerca-de-los-dibujos-22\/\">Acerca de la propuesta art\u00edstica<\/a><\/mark><\/p>\n\n\n\n<hr class=\"wp-block-separator has-text-color has-base-color has-alpha-channel-opacity has-base-background-color has-background\"\/>\n<\/div>\n\n\n\n<div class=\"wp-block-column is-layout-flow wp-block-column-is-layout-flow\">\n<hr class=\"wp-block-separator has-text-color has-base-color has-alpha-channel-opacity has-base-background-color has-background\"\/>\n\n\n\n<figure class=\"wp-block-image size-large is-resized\"><img loading=\"lazy\" decoding=\"async\" width=\"1400\" height=\"1071\" src=\"https:\/\/www.pensamientouniversitario.com.ar\/wp-content\/uploads\/2024\/07\/Extremo-Sur-6-2022-2023-oleo-sobre-tela-55x75cm-1-1400x1071.jpg\" alt=\"\" class=\"wp-image-3951\" style=\"width:476px;height:auto\" srcset=\"http:\/\/www.pensamientouniversitario.com.ar\/wp-content\/uploads\/2024\/07\/Extremo-Sur-6-2022-2023-oleo-sobre-tela-55x75cm-1-1400x1071.jpg 1400w, http:\/\/www.pensamientouniversitario.com.ar\/wp-content\/uploads\/2024\/07\/Extremo-Sur-6-2022-2023-oleo-sobre-tela-55x75cm-1-300x230.jpg 300w, http:\/\/www.pensamientouniversitario.com.ar\/wp-content\/uploads\/2024\/07\/Extremo-Sur-6-2022-2023-oleo-sobre-tela-55x75cm-1-768x588.jpg 768w, http:\/\/www.pensamientouniversitario.com.ar\/wp-content\/uploads\/2024\/07\/Extremo-Sur-6-2022-2023-oleo-sobre-tela-55x75cm-1-1536x1175.jpg 1536w, http:\/\/www.pensamientouniversitario.com.ar\/wp-content\/uploads\/2024\/07\/Extremo-Sur-6-2022-2023-oleo-sobre-tela-55x75cm-1-2048x1567.jpg 2048w\" sizes=\"auto, (max-width: 1400px) 100vw, 1400px\" \/><\/figure>\n\n\n\n<h2><span style=\"color:#0082a1\" class=\"has-inline-color\">\u2022<\/span> Pensar la Universidad<\/h2>\n\n\n\n<p><strong>Daniel Saur<\/strong><\/p>\n\n\n\n<p class=\"has-text-color has-link-color wp-elements-58a1ac77c380f6562f1d484fc517dbc5\" style=\"color:#0082a1\"><a href=\"https:\/\/www.pensamientouniversitario.com.ar\/index.php\/2024\/10\/31\/pedro-krotsch-en-la-universidad-nacional-de-cordoba-presentacion-de-la-conferencia-de-apertura-de-las-jornadas-pensar-la-universidad-septiembre-de-2008\/\">Pedro Krotsch en la Universidad Nacional de C\u00f3rdoba.&nbsp;Presentaci\u00f3n de la conferencia de apertura de las Jornadas \u201cPensar la Universidad\u201d, septiembre de 2008<\/a><\/p>\n\n\n\n<p><strong>Pedro Krotsch<\/strong><\/p>\n\n\n\n<p class=\"has-text-color has-link-color wp-elements-e7ce301c8d1ae1179f46de1af84517d3\" style=\"color:#0082a1\"><a href=\"https:\/\/www.pensamientouniversitario.com.ar\/index.php\/2024\/06\/30\/los-estudios-sobre-la-universidad-autorreflexividad-y-autonomia\/\">Los estudios sobre la universidad: autorreflexividad y autonom\u00eda<\/a><\/p>\n\n\n\n<hr class=\"wp-block-separator has-text-color has-base-color has-alpha-channel-opacity has-base-background-color has-background\"\/>\n\n\n\n<h2><span style=\"color:#0082a1\" class=\"has-inline-color\">\u2022<\/span> Traducci\u00f3n<\/h2>\n\n\n\n<div class=\"wp-block-group is-vertical is-layout-flex wp-container-core-group-is-layout-8cf370e7 wp-block-group-is-layout-flex\">\n<div class=\"wp-block-group is-vertical is-layout-flex wp-container-core-group-is-layout-8cf370e7 wp-block-group-is-layout-flex\">\n<p><\/p>\n\n\n\n<div class=\"wp-block-group is-vertical is-layout-flex wp-container-core-group-is-layout-8cf370e7 wp-block-group-is-layout-flex\">\n<div class=\"wp-block-group is-vertical is-layout-flex wp-container-core-group-is-layout-8cf370e7 wp-block-group-is-layout-flex\">\n<p><strong>Martin Aiello<\/strong><\/p>\n\n\n\n<p class=\"has-text-color has-link-color wp-elements-9e9bc292ffd6f0486004a04aa779e925\" style=\"color:#0082a1\"><a href=\"https:\/\/www.pensamientouniversitario.com.ar\/index.php\/2024\/06\/29\/las-culturas-academicas-30-anos-despues-de-tribus-y-territorios\/\">Las culturas acad\u00e9micas 30 a\u00f1os despu\u00e9s de Tribus y Territorios<\/a><\/p>\n\n\n\n<p><strong>Paul Trowler<\/strong><\/p>\n\n\n\n<p class=\"has-text-color has-link-color wp-elements-df8c8abb52edfe44b07e7ca47dc4c4c8\" style=\"color:#0082a1\"><a href=\"https:\/\/www.pensamientouniversitario.com.ar\/index.php\/2024\/06\/29\/tribus-y-territorios-academicos-teorias-propositos-y-poder-analitico\/\">Tribus y territorios acad\u00e9micos:&nbsp; teor\u00edas, prop\u00f3sitos y poder anal\u00edtico estudiantiles en educaci\u00f3n superior<\/a><\/p>\n<\/div>\n<\/div>\n<\/div>\n<\/div>\n\n\n\n<hr class=\"wp-block-separator has-text-color has-base-color has-alpha-channel-opacity has-base-background-color has-background\"\/>\n<\/div>\n<\/div>\n","protected":false},"excerpt":{"rendered":"<p>Revista #22 &nbsp; Argentina, Noviembre 2024 \u2022 A\u00f1o 22 \u2022 #22ISSN 2683-8265 &nbsp; Mar\u00eda Candelari Presentaci\u00f3n \u2022 Art\u00edculos Adriana Chiroleu 30 a\u00f1os de Pensamiento Universitario: pluralismo democr\u00e1tico y conformaci\u00f3n del campo para construir una universidad mejor Ivana Mihail Pensamiento Universitario: 30 a\u00f1os de edici\u00f3n sobre educaci\u00f3n superior en Argentina Carlos P\u00e9rez Rasetti 40 a\u00f1os de &#8230; <a title=\"Revista #22\" class=\"read-more\" href=\"http:\/\/www.pensamientouniversitario.com.ar\/index.php\/pensamiento-universitario\/22-2\/\" aria-label=\"Leer m\u00e1s sobre Revista #22\">Leer m\u00e1s<\/a><\/p>\n","protected":false},"author":1,"featured_media":0,"parent":20,"menu_order":0,"comment_status":"closed","ping_status":"closed","template":"","meta":{"footnotes":""},"class_list":["post-3795","page","type-page","status-publish"],"_links":{"self":[{"href":"http:\/\/www.pensamientouniversitario.com.ar\/index.php\/wp-json\/wp\/v2\/pages\/3795","targetHints":{"allow":["GET"]}}],"collection":[{"href":"http:\/\/www.pensamientouniversitario.com.ar\/index.php\/wp-json\/wp\/v2\/pages"}],"about":[{"href":"http:\/\/www.pensamientouniversitario.com.ar\/index.php\/wp-json\/wp\/v2\/types\/page"}],"author":[{"embeddable":true,"href":"http:\/\/www.pensamientouniversitario.com.ar\/index.php\/wp-json\/wp\/v2\/users\/1"}],"replies":[{"embeddable":true,"href":"http:\/\/www.pensamientouniversitario.com.ar\/index.php\/wp-json\/wp\/v2\/comments?post=3795"}],"version-history":[{"count":87,"href":"http:\/\/www.pensamientouniversitario.com.ar\/index.php\/wp-json\/wp\/v2\/pages\/3795\/revisions"}],"predecessor-version":[{"id":4303,"href":"http:\/\/www.pensamientouniversitario.com.ar\/index.php\/wp-json\/wp\/v2\/pages\/3795\/revisions\/4303"}],"up":[{"embeddable":true,"href":"http:\/\/www.pensamientouniversitario.com.ar\/index.php\/wp-json\/wp\/v2\/pages\/20"}],"wp:attachment":[{"href":"http:\/\/www.pensamientouniversitario.com.ar\/index.php\/wp-json\/wp\/v2\/media?parent=3795"}],"curies":[{"name":"wp","href":"https:\/\/api.w.org\/{rel}","templated":true}]}}