{"id":271,"date":"2019-04-29T14:38:22","date_gmt":"2019-04-29T14:38:22","guid":{"rendered":"https:\/\/www.pensamientouniversitario.com.ar\/?page_id=271"},"modified":"2024-11-11T23:23:53","modified_gmt":"2024-11-11T23:23:53","slug":"eventos","status":"publish","type":"page","link":"http:\/\/www.pensamientouniversitario.com.ar\/index.php\/pensamiento-universitario\/eventos\/","title":{"rendered":"Conferencias y eventos"},"content":{"rendered":"\n<h1 class=\"wp-block-heading has-text-align-left\">Conferencias y eventos<\/h1>\n\n\n\n<div style=\"height:4px\" aria-hidden=\"true\" class=\"wp-block-spacer\"><\/div>\n\n\n<div class=\"wp-block-image\">\n<figure class=\"alignleft size-large is-resized\"><img loading=\"lazy\" decoding=\"async\" width=\"1081\" height=\"1349\" src=\"https:\/\/www.pensamientouniversitario.com.ar\/wp-content\/uploads\/2024\/05\/PHOTO-2024-05-15-11-18-12.jpg\" alt=\"\" class=\"wp-image-3782\" style=\"width:550px\" srcset=\"http:\/\/www.pensamientouniversitario.com.ar\/wp-content\/uploads\/2024\/05\/PHOTO-2024-05-15-11-18-12.jpg 1081w, http:\/\/www.pensamientouniversitario.com.ar\/wp-content\/uploads\/2024\/05\/PHOTO-2024-05-15-11-18-12-240x300.jpg 240w, http:\/\/www.pensamientouniversitario.com.ar\/wp-content\/uploads\/2024\/05\/PHOTO-2024-05-15-11-18-12-768x958.jpg 768w\" sizes=\"auto, (max-width: 1081px) 100vw, 1081px\" \/><\/figure><\/div>\n\n\n<p class=\"has-text-align-left\">En el marco de este aniversario, la Revista Pensamiento Universitario retoma la organizaci\u00f3n de los Encuentros sobre La Universidad como objeto de investigaci\u00f3n. La tradici\u00f3n de este espacio es contribuir tanto al desarrollo de un campo de estudios sobre la universidad como a la conformaci\u00f3n de un espacio para la autorreflexi\u00f3n sobre las instituciones y el sistema de educaci\u00f3n superior en su conjunto. Esta nueva edici\u00f3n pretende dar continuidad, actualizar y profundizar las instancias de intercambio, producci\u00f3n y circulaci\u00f3n de conocimientos en torno a la educaci\u00f3n superior en Argentina y Am\u00e9rica Latina, a partir de recuperar la experiencia de los encuentros realizados con anterioridad: en la Universidad Nacional del Litoral (2017), la Universidad Nacional de San Luis (2013), la Universidad Nacional de C\u00f3rdoba (2009), la Universidad Nacional del Centro de la Provincia de Buenos Aires (2007), la Universidad Nacional de Tucum\u00e1n (2004), la Universidad Nacional de La Plata (2002) y la Universidad de Buenos Aires (1995, 1997).<\/p>\n\n\n\n<p><a href=\"http:\/\/congresos.fahce.unlp.edu.ar\/la-universidad-como-objeto-de-investigacion\/ix-encuentro\/responsables\">http:\/\/congresos.fahce.unlp.edu.ar\/la-universidad-como-objeto-de-investigacion\/ix-encuentro\/responsables<\/a><\/p>\n\n\n\n<div style=\"height:100px\" aria-hidden=\"true\" class=\"wp-block-spacer\"><\/div>\n\n\n\n<p><\/p>\n","protected":false},"excerpt":{"rendered":"<p>Conferencias y eventos En el marco de este aniversario, la Revista Pensamiento Universitario retoma la organizaci\u00f3n de los Encuentros sobre La Universidad como objeto de investigaci\u00f3n. La tradici\u00f3n de este espacio es contribuir tanto al desarrollo de un campo de estudios sobre la universidad como a la conformaci\u00f3n de un espacio para la autorreflexi\u00f3n sobre &#8230; <a title=\"Conferencias y eventos\" class=\"read-more\" href=\"http:\/\/www.pensamientouniversitario.com.ar\/index.php\/pensamiento-universitario\/eventos\/\" aria-label=\"Leer m\u00e1s sobre Conferencias y eventos\">Leer m\u00e1s<\/a><\/p>\n","protected":false},"author":1,"featured_media":0,"parent":20,"menu_order":0,"comment_status":"closed","ping_status":"closed","template":"","meta":{"footnotes":""},"class_list":["post-271","page","type-page","status-publish"],"_links":{"self":[{"href":"http:\/\/www.pensamientouniversitario.com.ar\/index.php\/wp-json\/wp\/v2\/pages\/271","targetHints":{"allow":["GET"]}}],"collection":[{"href":"http:\/\/www.pensamientouniversitario.com.ar\/index.php\/wp-json\/wp\/v2\/pages"}],"about":[{"href":"http:\/\/www.pensamientouniversitario.com.ar\/index.php\/wp-json\/wp\/v2\/types\/page"}],"author":[{"embeddable":true,"href":"http:\/\/www.pensamientouniversitario.com.ar\/index.php\/wp-json\/wp\/v2\/users\/1"}],"replies":[{"embeddable":true,"href":"http:\/\/www.pensamientouniversitario.com.ar\/index.php\/wp-json\/wp\/v2\/comments?post=271"}],"version-history":[{"count":45,"href":"http:\/\/www.pensamientouniversitario.com.ar\/index.php\/wp-json\/wp\/v2\/pages\/271\/revisions"}],"predecessor-version":[{"id":4273,"href":"http:\/\/www.pensamientouniversitario.com.ar\/index.php\/wp-json\/wp\/v2\/pages\/271\/revisions\/4273"}],"up":[{"embeddable":true,"href":"http:\/\/www.pensamientouniversitario.com.ar\/index.php\/wp-json\/wp\/v2\/pages\/20"}],"wp:attachment":[{"href":"http:\/\/www.pensamientouniversitario.com.ar\/index.php\/wp-json\/wp\/v2\/media?parent=271"}],"curies":[{"name":"wp","href":"https:\/\/api.w.org\/{rel}","templated":true}]}}