{"id":1598,"date":"2020-04-07T19:41:55","date_gmt":"2020-04-07T19:41:55","guid":{"rendered":"https:\/\/www.pensamientouniversitario.com.ar\/?page_id=1598"},"modified":"2020-10-21T14:28:03","modified_gmt":"2020-10-21T14:28:03","slug":"revista-19","status":"publish","type":"page","link":"http:\/\/www.pensamientouniversitario.com.ar\/index.php\/pensamiento-universitario\/revista-19\/","title":{"rendered":"Revista #19"},"content":{"rendered":"\n<div class=\"ilustracion-header-footer-text\" id=\"botDespliegue\">(haz click aqui para desplegar la imagen)<\/div><script>animacionTop=670;animacionH=1264;animacionW=834;<\/script><figure class=\"ilustracion-header\"><iframe src=\"https:\/\/www.pensamientouniversitario.com.ar\/wp-content\/animaciones\/Cuadro_1\/\" style=\"width:100vw; height:100vw; margin-top: -45vw; position: relative;\"><\/iframe><\/figure>\n\n\n\n<div class=\"wp-block-columns has-3-columns is-layout-flex wp-container-core-columns-is-layout-9d6595d7 wp-block-columns-is-layout-flex\">\n<div class=\"wp-block-column is-layout-flow wp-block-column-is-layout-flow\">\n<div class=\"wp-block-spacer\" style=\"height: 30px;\" aria-hidden=\"true\">&nbsp;<\/div>\n\n\n\n<h1 class=\"wp-block-heading\">Revista #19<\/h1>\n\n\n\n<p><strong>Argentina, octubre 2020<\/strong> \u2022 A\u00f1o 19 \u2022 #19<br><sub>ISSN 2683-8265<\/sub><\/p>\n\n\n\n<div class=\"wp-block-image\"><figure class=\"alignleft size-large is-resized\"><a href=\"https:\/\/www.pensamientouniversitario.com.ar\/wp-content\/uploads\/PENSAMIENTO-UNIVERSITARIO-19.pdf\"><img loading=\"lazy\" decoding=\"async\" src=\"https:\/\/www.pensamientouniversitario.com.ar\/wp-content\/uploads\/2020\/10\/PU19-download.jpg\" alt=\"\" class=\"wp-image-2227\" width=\"400\" height=\"520\" srcset=\"http:\/\/www.pensamientouniversitario.com.ar\/wp-content\/uploads\/2020\/10\/PU19-download.jpg 400w, http:\/\/www.pensamientouniversitario.com.ar\/wp-content\/uploads\/2020\/10\/PU19-download-231x300.jpg 231w, http:\/\/www.pensamientouniversitario.com.ar\/wp-content\/uploads\/2020\/10\/PU19-download-18x24.jpg 18w, http:\/\/www.pensamientouniversitario.com.ar\/wp-content\/uploads\/2020\/10\/PU19-download-28x36.jpg 28w, http:\/\/www.pensamientouniversitario.com.ar\/wp-content\/uploads\/2020\/10\/PU19-download-37x48.jpg 37w\" sizes=\"auto, (max-width: 400px) 100vw, 400px\" \/><\/a><\/figure><\/div>\n\n\n\n<div style=\"height:20px\" aria-hidden=\"true\" class=\"wp-block-spacer\"><\/div>\n\n\n\n<p>&nbsp;<\/p>\n<\/div>\n\n\n\n<div class=\"wp-block-column is-layout-flow wp-block-column-is-layout-flow\">\n<hr class=\"wp-block-separator\"\/>\n\n\n\n<h3 class=\"wp-block-heading\"><strong>Dora Barrancos<\/strong><br><a href=\"https:\/\/www.pensamientouniversitario.com.ar\/index.php\/2020\/04\/21\/presentacion-2\/\"><strong>Presentaci\u00f3n<\/strong><\/a><\/h3>\n\n\n\n<hr class=\"wp-block-separator\"\/>\n\n\n\n<h2><span style=\"color: #f58220\">\u2022<\/span> Art\u00edculos<\/h2>\n\n\n\n<div style=\"height:20px\" aria-hidden=\"true\" class=\"wp-block-spacer\"><\/div>\n\n\n\n<p><strong>Fernanda Beigel<\/strong><br><a href=\"https:\/\/www.pensamientouniversitario.com.ar\/index.php\/2020\/08\/17\/folec-una-iniciativa-regional-para-evaluar-la-evaluacion-de-la-ciencia-en-america-latina-y-el-caribe-y-transformarla\/\">FOLEC: Una iniciativa regional para evaluar la evaluaci\u00f3n de la ciencia en Am\u00e9rica Latina y el Caribe, y transformarla<\/a><\/p>\n\n\n\n<p><strong>Silvye Didou Aupetit<\/strong><br><a href=\"https:\/\/www.pensamientouniversitario.com.ar\/index.php\/2020\/04\/21\/articulo-1-19\/\">Internacionalizaci\u00f3n de la educaci\u00f3n superior y riesgo sanitario en Am\u00e9rica Latina: \u00bfreconfiguraci\u00f3n o descomposici\u00f3n?<\/a><\/p>\n\n\n\n<p><strong>Mart\u00edn Unzu\u00e9 y Laura Rovelli<\/strong><br><a href=\"https:\/\/www.pensamientouniversitario.com.ar\/index.php\/2020\/09\/01\/expectativas-laborales-movilidad-e-insercion-de-personas-recientemente-doctoradas-en-el-area-de-ciencias-sociales-en-argentina\/\">Expectativas laborales, movilidad e inserci\u00f3n de personas recientemente doctoradas en  el \u00e1rea de Ciencias Sociales en Argentina<\/a><\/p>\n\n\n\n<p><strong>Sandra Carli<\/strong><br><a href=\"https:\/\/www.pensamientouniversitario.com.ar\/index.php\/2020\/09\/18\/la-universidad-publica-como-espacio-biografico-una-incursion-historica-en-itinerarios-academicos-de-las-humanidades-y-las-ciencias-sociales\/\">La universidad p\u00fablica como espacio biogr\u00e1fico. Una incursi\u00f3n hist\u00f3rica en  itinerarios acad\u00e9micos de las humanidades y las ciencias sociales&nbsp;<\/a><\/p>\n\n\n\n<hr class=\"wp-block-separator\"\/>\n\n\n\n<h2><span style=\"color: #f58220\">&#8226;<\/span> Dossier<\/h2><br>MIRADAS SOBRE LAS AGENDAS UNIVERSITARIAS EN LA REGI\u00d3N<\/p>\n\n\n\n<div style=\"height:20px\" aria-hidden=\"true\" class=\"wp-block-spacer\"><\/div>\n\n\n\n<p><strong>Daniela Atairo y Pablo Beneitone<\/strong><br><a href=\"https:\/\/www.pensamientouniversitario.com.ar\/index.php\/2020\/09\/26\/miradas-sobre-la-agenda-universitaria-en-la-region-presentacion\/\">PRESENTACI\u00d3N<\/a><\/p>\n\n\n\n<p><strong>Nicol\u00e1s Lynch<\/strong><br><a href=\"https:\/\/www.pensamientouniversitario.com.ar\/index.php\/2020\/09\/22\/la-universidad-y-el-poder-en-el-peru-los-ultimos-cien-anos\/\">La universidad y el poder en Per\u00fa: los \u00faltimos cien a\u00f1os<\/a><\/p>\n\n\n\n<p><strong>Ricardo Cuenca<\/strong><br><a href=\"https:\/\/www.pensamientouniversitario.com.ar\/index.php\/2020\/09\/22\/el-dia-despues-la-agenda-de-calidad-universitaria-en-el-peru\/\">El d\u00eda despu\u00e9s. La agenda de calidad universitaria en el Per\u00fa<\/a><\/p>\n\n\n\n<p><strong>Yamile Socolovsky<\/strong><br><a href=\"https:\/\/www.pensamientouniversitario.com.ar\/index.php\/2020\/09\/22\/la-necesaria-radicalizacion-democratica-de-la-agenda-universitaria\/\">La necesaria radicalizaci\u00f3n democr\u00e1tica de la agenda universitaria<\/a><\/p>\n\n\n\n<p><strong>Adriana Chiroleu<\/strong><br><a href=\"https:\/\/www.pensamientouniversitario.com.ar\/index.php\/2020\/09\/22\/argentina-agendas-universitarias-en-tiempos-inciertos\/\">Argentina: Agendas universitarias en tiempos inciertos<\/a><\/p>\n\n\n\n<p><strong>Axel Didriksson T.<\/strong><br><a href=\"https:\/\/www.pensamientouniversitario.com.ar\/index.php\/2020\/09\/22\/la-nueva-agenda-de-la-politica-publica-en-mexico\/\">La nueva agenda de la pol\u00edtica p\u00fablica en M\u00e9xico<\/a><\/p>\n\n\n\n<p><strong>Adri\u00e1n  Acosta  Silva<\/strong><br><a href=\"https:\/\/www.pensamientouniversitario.com.ar\/index.php\/2020\/09\/22\/agenda-universitaria-en-mexico-novedades-y-rutinas\/\">Agenda universitaria en M\u00e9xico: novedades y rutinas<\/a><\/p>\n\n\n\n<p><strong>Everton Henrique Eleuterio Fargoni; Jo\u00e3o dos Reis Silva J\u00fanio; Afr\u00e2nio Mendes Catani<\/strong><br><a href=\"https:\/\/www.pensamientouniversitario.com.ar\/index.php\/2020\/09\/22\/breve-diagnostico-da-educacao-superior-no-brasil-notas-sobre-autoritarismo-mercantilizacao-e-negacionismo\/\">Breve diagn\u00f3stico da educa\u00e7\u00e3o superior no Brasil: notas sobre autoritarismo, mercantiliza\u00e7\u00e3o e negacionismo<\/a><\/p>\n\n\n\n<p><strong>M\u00f3nica de la Fare<\/strong><br><a href=\"https:\/\/www.pensamientouniversitario.com.ar\/index.php\/2020\/09\/22\/brasil-la-universidad-de-la-democracia-en-vertigo\/\">Brasil: la universidad de la democracia &#8220;en v\u00e9rtigo&#8221;<\/a><\/p>\n\n\n\n<p><strong>Ximena S\u00e1nchez Segura<\/strong><br><a href=\"https:\/\/www.pensamientouniversitario.com.ar\/index.php\/2020\/09\/22\/universidades-regionales-del-estado-de-chile-desigualdad-territorial-y-desarrollo-en-investigacion-en-el-contexto-del-modelo-neoliberal\/\">Universidades Regionales del Estado de Chile: Desigualdad Territorial y Desarrollo en Investigaci\u00f3n en el Contexto del Modelo Neoliberal<\/a><\/p>\n\n\n\n<hr class=\"wp-block-separator\"\/>\n\n\n\n<h2><span style=\"color: #f58220\">\u2022<\/span> Dibujos<\/h2>\n\n\n\n<div style=\"height:20px\" aria-hidden=\"true\" class=\"wp-block-spacer\"><\/div>\n\n\n\n<p><strong>Ma. Guillermina Perot Mac Donald<\/strong><br><a href=\"https:\/\/www.pensamientouniversitario.com.ar\/index.php\/2020\/04\/21\/acerca-de-las-ilustraciones-19\/\">Acerca de los dibujos de este n\u00famero<\/a><\/p>\n\n\n\n<p>&nbsp;<\/p>\n<\/div>\n\n\n\n<div class=\"wp-block-column is-layout-flow wp-block-column-is-layout-flow\">\n<hr class=\"wp-block-separator is-style-wide\"\/>\n\n\n\n<h2><span style=\"color: #f58220\">\u2022<\/span> Ensayos<\/h2>\n\n\n\n<div style=\"height:20px\" aria-hidden=\"true\" class=\"wp-block-spacer\"><\/div>\n\n\n\n<p><strong>Eduardo Rinesi<\/strong><br><a href=\"https:\/\/www.pensamientouniversitario.com.ar\/index.php\/2020\/09\/18\/la-universidad-como-derecho-del-pueblo\/\">La universidad como derecho del pueblo<\/a><\/p>\n\n\n\n<p><strong>Carlos Skliar y Facundo Giuliano<\/strong><br><a href=\"https:\/\/www.pensamientouniversitario.com.ar\/index.php\/2020\/04\/21\/ensayo-1-19\/\">La universidad: lo que ha sido, lo que es y \u00bfqu\u00e9 ser\u00e1? <\/a><\/p>\n\n\n\n<p><strong>Mario Pecheny<\/strong><br><a href=\"https:\/\/www.pensamientouniversitario.com.ar\/index.php\/2020\/08\/25\/universidad-en-tiempos-sombrios\/\">La universidad en tiempos sombr\u00edos<\/a><\/p>\n\n\n\n<p><strong>Carina V. Kaplan<\/strong><br><a href=\"https:\/\/www.pensamientouniversitario.com.ar\/index.php\/2020\/09\/12\/pedagogia-universitaria-y-lazo-emocional\/\">Pedagog\u00eda universitaria y lazo emocional<\/a><\/p>\n\n\n\n<hr class=\"wp-block-separator\"\/>\n\n\n\n<h2><span style=\"color: #f58220\">\u2022<\/span> Traducciones<\/h2>\n\n\n\n<div style=\"height:20px\" aria-hidden=\"true\" class=\"wp-block-spacer\"><\/div>\n\n\n\n<p><strong>Zachary Maggio<\/strong><br><a href=\"https:\/\/www.pensamientouniversitario.com.ar\/index.php\/2020\/09\/04\/explorando-el-triangulo-de-coordinacion-de-burton-clark-en-el-contexto-de-las-relaciones-contemporaneas-entre-estados-y-los-sistemas-de-educacion-superior\/\">Explorando  el Tri\u00e1ngulo de Coordinaci\u00f3n de Burton Clark en el Contexto de las Relaciones Contempor\u00e1neas entre Estados y los Sistemas de Educaci\u00f3n Superior<\/a><\/p>\n\n\n\n<hr class=\"wp-block-separator\"\/>\n\n\n\n<h2><span style=\"color:#f58220\">\u2022<\/span> Historia<\/h2>\n\n\n\n<div style=\"height:20px\" aria-hidden=\"true\" class=\"wp-block-spacer\"><\/div>\n\n\n\n<p><strong>Marcela Sosa<\/strong><br><a href=\"https:\/\/www.pensamientouniversitario.com.ar\/index.php\/2020\/08\/21\/ramon-enrique-gaviola-1900-1989-concepciones-y-debates-acerca-de-la-formacion-de-fisicos-en-argentina\/\">Ram\u00f3n Enrique Gaviola (1900-1989): concepciones y debates acerca de la formaci\u00f3n de f\u00edsicos en Argentina<\/a><\/p>\n\n\n\n<hr class=\"wp-block-separator\"\/>\n\n\n\n<h2><span style=\"color:#f58220\">\u2022<\/span> Entrevistas<\/h2>\n\n\n\n<div style=\"height:20px\" aria-hidden=\"true\" class=\"wp-block-spacer\"><\/div>\n\n\n\n<p><strong>Nicol\u00e1s Dip<\/strong><br><a href=\"https:\/\/www.pensamientouniversitario.com.ar\/index.php\/2020\/04\/21\/entrevista-1-19\/\">La repolitizaci\u00f3n de la universidad implica un ejercicio proactivo de la autonom\u00eda &#8211; Entrevista a Imanol Ordorika<\/a><\/p>\n\n\n\n<hr class=\"wp-block-separator\"\/>\n\n\n\n<h2>En Memoria<\/h2>\n\n\n\n<p><strong>Roxana Puig y Lucas Krotsch<\/strong><br><a href=\"https:\/\/www.pensamientouniversitario.com.ar\/index.php\/2020\/09\/26\/en-memoria-de-juan-carlos-geneyro\/\">EN MEMORIA de Juan Carlos Geneyro<\/a><\/p>\n\n\n\n<p><strong>Sonia Araujo<\/strong><br><a href=\"https:\/\/www.pensamientouniversitario.com.ar\/index.php\/2020\/09\/26\/en-memoria-de-juan-carlos-pugliese-h\/\">EN MEMORIA de Juan Carlos Pugliese (h.)<\/a><\/p>\n\n\n\n<hr class=\"wp-block-separator\"\/>\n\n\n\n<h2><span style=\"color: #f58220\">\u2022<\/span> Rese\u00f1as<\/h2>\n\n\n\n<div style=\"height:20px\" aria-hidden=\"true\" class=\"wp-block-spacer\"><\/div>\n\n\n\n<p><strong>Judith Naidorf<\/strong><br><a href=\"https:\/\/www.pensamientouniversitario.com.ar\/index.php\/2020\/04\/21\/resena-1-19\/\">Culturas evaluativas. Impactos y dilemas del Programa de Incentivos a Docentes-Investigadores en Argentina (1993-2018) de Fernanda Beigel y Fabiana Bekerman (coordinadoras). IEC \u2013 CLACSO, 2019.<\/a><\/p>\n\n\n\n<p><strong>Charlie Palomo<\/strong><br><a href=\"https:\/\/www.pensamientouniversitario.com.ar\/index.php\/2020\/07\/24\/un-recurso-estrategico-tan-mencionado-como-abandonado-resena-del-libro-el-uso-social-del-conocimiento-en-la-universidad-de-augusto-perez-lindo-uai-editorial-teseo-2017\/\">Un recurso estrat\u00e9gico tan mencionado como abandonado. Rese\u00f1a del libro El uso social del conocimiento en la universidad de Augusto P\u00e9rez Lindo, UAI Editorial\/Teseo, 2017.<\/a><\/p>\n\n\n\n<p><strong>Sergio Friedemann<\/strong><br><a href=\"https:\/\/www.pensamientouniversitario.com.ar\/index.php\/2020\/07\/23\/ensayo-2\/\">Profesores, cient\u00edficos e intelectuales. La Universidad de Buenos Aires de 1955 al bicentenario  de Mart\u00edn Unz\u00fae, Instituto de Investigaciones Gino Germani y CLACSO, Buenos Aires, 2020<\/a><\/p>\n\n\n\n<p><strong>Paula Cabrera<\/strong><br><a href=\"https:\/\/www.pensamientouniversitario.com.ar\/index.php\/2020\/08\/11\/developmental-universities-in-inclusive-innovation-systems-alternatives-for-knowledge-democratization-in-the-global-south-de-rodrigo-arocena-bo-goransson-judith-sutz-palgrave-macmillan-2018-284\/\" rel=\"nofollow\">Developmental universities in inclusive innovation systems: alternatives for knowledge democratization in the global south, de Rodrigo Arocena, Bo G\u00f6ransson, Judith Sutz, Palgrave Macmillan 2018<\/a><br><\/p>\n\n\n\n<p><strong>Lora Laura<\/strong><br><a href=\"https:\/\/www.pensamientouniversitario.com.ar\/index.php\/2020\/08\/30\/orler-jose-2019-la-articulacion-necesaria-docencia-e-investigacion-en-las-facultades-de-derecho-prometeo-libros\/\">La articulaci\u00f3n necesaria. Docencia e investigaci\u00f3n en las Facultades de Derecho de Orler, Jos\u00e9, Prometeo Libros, 2019<\/a><\/p>\n\n\n\n<p><strong>Laura I. Tottino<\/strong><br><a href=\"https:\/\/www.pensamientouniversitario.com.ar\/index.php\/2020\/09\/26\/el-dificil-equilibrio-entre-autonomia-y-laestabilidad-de-marta-panaia-coord-mino-y-davila-20019-271-pags\/\">Asalarizaci\u00f3n y profesionalizaci\u00f3n. El dif\u00edcil equilibrio entre autonom\u00eda y la estabilidad, de Marta Panaia (Coord.), Mi\u00f1o y D\u00e1vila, 2019<\/a><\/p>\n\n\n\n<hr class=\"wp-block-separator\"\/>\n\n\n\n<ul class=\"wp-block-list\"><li><a href=\"https:\/\/www.pensamientouniversitario.com.ar\/index.php\/2020\/09\/26\/tesis-de-posgrado\/\">Pensamiento Universitario en Tesis de Posgrado<\/a><\/li><\/ul>\n\n\n\n<hr class=\"wp-block-separator\"\/>\n<\/div>\n<\/div>\n","protected":false},"excerpt":{"rendered":"<p>(haz click aqui para desplegar la imagen) &nbsp; Revista #19 Argentina, octubre 2020 \u2022 A\u00f1o 19 \u2022 #19ISSN 2683-8265 &nbsp; Dora BarrancosPresentaci\u00f3n \u2022 Art\u00edculos Fernanda BeigelFOLEC: Una iniciativa regional para evaluar la evaluaci\u00f3n de la ciencia en Am\u00e9rica Latina y el Caribe, y transformarla Silvye Didou AupetitInternacionalizaci\u00f3n de la educaci\u00f3n superior y riesgo sanitario en &#8230; <a title=\"Revista #19\" class=\"read-more\" href=\"http:\/\/www.pensamientouniversitario.com.ar\/index.php\/pensamiento-universitario\/revista-19\/\" aria-label=\"Leer m\u00e1s sobre Revista #19\">Leer m\u00e1s<\/a><\/p>\n","protected":false},"author":1,"featured_media":0,"parent":20,"menu_order":0,"comment_status":"closed","ping_status":"closed","template":"","meta":{"footnotes":""},"class_list":["post-1598","page","type-page","status-publish"],"_links":{"self":[{"href":"http:\/\/www.pensamientouniversitario.com.ar\/index.php\/wp-json\/wp\/v2\/pages\/1598","targetHints":{"allow":["GET"]}}],"collection":[{"href":"http:\/\/www.pensamientouniversitario.com.ar\/index.php\/wp-json\/wp\/v2\/pages"}],"about":[{"href":"http:\/\/www.pensamientouniversitario.com.ar\/index.php\/wp-json\/wp\/v2\/types\/page"}],"author":[{"embeddable":true,"href":"http:\/\/www.pensamientouniversitario.com.ar\/index.php\/wp-json\/wp\/v2\/users\/1"}],"replies":[{"embeddable":true,"href":"http:\/\/www.pensamientouniversitario.com.ar\/index.php\/wp-json\/wp\/v2\/comments?post=1598"}],"version-history":[{"count":147,"href":"http:\/\/www.pensamientouniversitario.com.ar\/index.php\/wp-json\/wp\/v2\/pages\/1598\/revisions"}],"predecessor-version":[{"id":2497,"href":"http:\/\/www.pensamientouniversitario.com.ar\/index.php\/wp-json\/wp\/v2\/pages\/1598\/revisions\/2497"}],"up":[{"embeddable":true,"href":"http:\/\/www.pensamientouniversitario.com.ar\/index.php\/wp-json\/wp\/v2\/pages\/20"}],"wp:attachment":[{"href":"http:\/\/www.pensamientouniversitario.com.ar\/index.php\/wp-json\/wp\/v2\/media?parent=1598"}],"curies":[{"name":"wp","href":"https:\/\/api.w.org\/{rel}","templated":true}]}}